{"id":2560,"date":"2017-03-14T11:46:06","date_gmt":"2017-03-14T11:46:06","guid":{"rendered":"https:\/\/rep.pt\/wp\/?page_id=2560"},"modified":"2019-03-29T19:04:44","modified_gmt":"2019-03-29T19:04:44","slug":"corpos-sociais-20172018","status":"publish","type":"page","link":"https:\/\/rep.pt\/wp\/corpos-sociais-20172018\/","title":{"rendered":"Org\u00e3os Sociais 2017\/2018"},"content":{"rendered":"<div class=\"gmail_default\">\n<p style=\"text-align: center;\"><strong>\u00d3rg\u00e3os Sociais da Rede dos Emissores Portugueses&nbsp;<\/strong><strong>para o bi\u00e9nio 2017 \/ 2018<\/strong><\/p>\n<p><i><b>Mesa da Assembleia Geral<\/b><\/i><\/p>\n<\/div>\n<div class=\"gmail_default\"><i>Presidente \u2013 Manuel Alfredo P. Costa Vieira \u2013 CT1DSC<\/i><\/div>\n<div class=\"gmail_default\"><i>1\u00ba Secret\u00e1rio \u2013 Valter Vieira CS7ACO<\/i><\/div>\n<div class=\"gmail_default\"><i>2\u00ba Secret\u00e1rio \u2013 Filipe Rodrigues Santos Brilhante \u2013 CT2GLO<\/i><\/div>\n<div class=\"gmail_default\"><i>&nbsp;<\/i><\/div>\n<div class=\"gmail_default\"><i><b>Conselho Geral<\/b><\/i><\/div>\n<div class=\"gmail_default\"><i>Presidente \u2013 Victor Manuel Daniel Paulino \u2013 CT1DRY<\/i><\/div>\n<div class=\"gmail_default\"><i>Secret\u00e1rio \u2013 Vitor Manuel da Silva CT1BJZ<\/i><\/div>\n<div class=\"gmail_default\"><i>Conselheiro \u2013 Jos\u00e9 Luis Santos Brilhante \u2013 CT1APE<\/i><\/div>\n<div class=\"gmail_default\"><i>Conselheiro \u2013 Jos\u00e9 Emanuel Ribeiro de S\u00e1 \u2013 CT1EEB<\/i><\/div>\n<div class=\"gmail_default\"><i>Conselheiro \u2013 Jorge Augusto Monteiro Azevedo \u2013 CT1DOF<\/i><\/div>\n<div class=\"gmail_default\"><i>&nbsp;<\/i><\/div>\n<div class=\"gmail_default\"><i><b>Conselho Fiscal<\/b><\/i><\/div>\n<div class=\"gmail_default\"><i>Presidente \u2013 Luciano Freitas de Melo \u2013 CT1HHP<\/i><\/div>\n<div class=\"gmail_default\"><i>1\u00ba Vogal \u2013 Rui Alberto Lopes Feio \u2013 CT2IBS<\/i><\/div>\n<div class=\"gmail_default\"><i>2\u00ba Vogal \u2013 Jos\u00e9 Henrique Ramos Ferreira \u2013 CT1DNU<\/i><\/div>\n<div class=\"gmail_default\"><i>&nbsp;<\/i><\/div>\n<div class=\"gmail_default\"><i><b>Direc\u00e7\u00e3o<\/b><\/i><\/div>\n<div class=\"gmail_default\"><i>Presidente \u2013 Jos\u00e9 Carlos Beato Nora \u2013 CT1END<\/i><\/div>\n<div class=\"gmail_default\"><i>Vice-Presidente \u2013 Jo\u00e3o Pedro Collard Bovy de Vilhena Fragoso \u2013 CT7ABE<\/i><\/div>\n<div class=\"gmail_default\"><i>Tesoureiro \u2013 Luis Miguel CS7AFT<\/i><\/div>\n<div class=\"gmail_default\"><i>1\u00ba Secret\u00e1rio \u2013 Hugo Vitoriano CT7AFO<\/i><\/div>\n<div class=\"gmail_default\"><i>2\u00ba Secret\u00e1rio \u2013 &nbsp;Jos\u00e9 Manuel Andrade CT7ACK<\/i><\/div>\n","protected":false},"excerpt":{"rendered":"<p>\u00d3rg\u00e3os Sociais da Rede dos Emissores Portugueses&nbsp;para o bi\u00e9nio 2017 \/ 2018 Mesa da Assembleia Geral Presidente \u2013 Manuel Alfredo P. Costa Vieira \u2013 CT1DSC 1\u00ba Secret\u00e1rio \u2013 Valter Vieira CS7ACO 2\u00ba Secret\u00e1rio \u2013 Filipe Rodrigues Santos Brilhante \u2013 CT2GLO &nbsp; Conselho Geral Presidente \u2013 Victor Manuel Daniel Paulino \u2013 CT1DRY Secret\u00e1rio \u2013 Vitor Manuel [&hellip;]<\/p>\n","protected":false},"author":1,"featured_media":0,"parent":0,"menu_order":0,"comment_status":"closed","ping_status":"closed","template":"","meta":{"footnotes":""},"class_list":["post-2560","page","type-page","status-publish","hentry"],"_links":{"self":[{"href":"https:\/\/rep.pt\/wp\/wp-json\/wp\/v2\/pages\/2560","targetHints":{"allow":["GET"]}}],"collection":[{"href":"https:\/\/rep.pt\/wp\/wp-json\/wp\/v2\/pages"}],"about":[{"href":"https:\/\/rep.pt\/wp\/wp-json\/wp\/v2\/types\/page"}],"author":[{"embeddable":true,"href":"https:\/\/rep.pt\/wp\/wp-json\/wp\/v2\/users\/1"}],"replies":[{"embeddable":true,"href":"https:\/\/rep.pt\/wp\/wp-json\/wp\/v2\/comments?post=2560"}],"version-history":[{"count":2,"href":"https:\/\/rep.pt\/wp\/wp-json\/wp\/v2\/pages\/2560\/revisions"}],"predecessor-version":[{"id":3684,"href":"https:\/\/rep.pt\/wp\/wp-json\/wp\/v2\/pages\/2560\/revisions\/3684"}],"wp:attachment":[{"href":"https:\/\/rep.pt\/wp\/wp-json\/wp\/v2\/media?parent=2560"}],"curies":[{"name":"wp","href":"https:\/\/api.w.org\/{rel}","templated":true}]}}