{"id":325,"date":"2014-01-19T14:16:36","date_gmt":"2014-01-19T14:16:36","guid":{"rendered":"https:\/\/rep.pt\/wp\/?page_id=325"},"modified":"2014-09-17T20:32:05","modified_gmt":"2014-09-17T20:32:05","slug":"campeonato-portugal-vhf-uhf-2014","status":"publish","type":"page","link":"https:\/\/rep.pt\/wp\/campeonato-portugal-vhf-uhf-2014\/","title":{"rendered":"CAMPEONATO PORTUGAL VHF-UHF 2014"},"content":{"rendered":"<h2 style=\"text-align: center;\"><strong>Regulamento Campeonato de Portugal VHF-UHF 2014<\/strong><\/h2>\n<div><\/div>\n<div style=\"text-align: justify;\">Prezados ColegasA Rede dos Emissores Portugueses vem junto de v\u00f3s apresentar o Regulamento do Campeonato\u00a0de Portugal de VHF-UHF para o ano de 2014.<\/div>\n<div style=\"text-align: justify;\"><\/div>\n<div style=\"text-align: justify;\"><\/div>\n<div style=\"text-align: justify;\">S\u00e3o quatro (4) as associa\u00e7\u00f5es participantes:<\/div>\n<div>RCL, Clube Pessoal EDP, ARAM e REP.<\/div>\n<div><\/div>\n<div style=\"text-align: justify;\">Todas as informa\u00e7\u00f5es, regulamentos de todos os concursos participantes e classifica\u00e7\u00f5es ser\u00e3o publicados na p\u00e1gina na Internet da REP, sem preju\u00edzo da sua publica\u00e7\u00e3o na p\u00e1gina de cada associa\u00e7\u00e3o organizadora.<\/div>\n<div><\/div>\n<div><a href=\"https:\/\/db.tt\/SuhLD7EQ\" target=\"_blank\"><b style=\"line-height: 1.5;\">Regulamento para participantes !<\/b><span style=\"line-height: 1.5;\">\u00a0<\/span><\/a><\/div>\n<div><a href=\"https:\/\/db.tt\/UErNm548\" target=\"_blank\"><strong>Anexo para organizadores!<\/strong><\/a><\/div>\n<div><\/div>\n<div><b>Rede dos Emissores Portugueses <\/b><\/div>\n<div><b>Departamento de concursos<\/b><\/div>\n<div><\/div>\n<div>_______________________________________________________________________<\/div>\n<div><\/div>\n<div><strong>&#8211;\u00a0<a href=\"https:\/\/db.tt\/VcBPqjnX\" target=\"_blank\">Regulamento do Concurso Carnaval Loul\u00e9 em VHF\/UHF do RCL.<\/a><\/strong><\/div>\n<div><strong style=\"line-height: 1.5;\">&#8211;\u00a0<a href=\"http:\/\/portugaldaycontest.rep.pt\/rules_vhf_uhf.html\" target=\"_blank\">Regulamento do Concurso Dia Portugal em VHF-UHF da REP.<\/a><\/strong><\/div>\n<div><strong>&#8211;<\/strong> <strong><a href=\"https:\/\/db.tt\/2Fj8VxWF\" target=\"_blank\">Regulamento do\u00a0Concurso de R\u00e1dio do Clube EDP<\/a><\/strong><\/div>\n<div><span style=\"font-weight: bold;\">&#8211;<\/span>\u00a0<a href=\"http:\/\/www.aram.pt\/concursos\/concurso2014.pdf\" target=\"_blank\"><span style=\"font-weight: bold;\">Regulamento do\u00a0Concurso de\u00a0VHF\/UHF da ARAM<\/span><\/a><\/div>\n<div><\/div>\n<div>_______________________________________________________________________<\/div>\n<div><strong>&#8211;<\/strong> <strong><a href=\"http:\/\/portugaldaycontest.rep.pt\/resultados_VHF_UHF_2014.html\" target=\"_blank\">Classifica\u00e7\u00f5es finais\u00a0Concurso\u00a0<strong style=\"line-height: 1.5;\"><a href=\"http:\/\/portugaldaycontest.rep.pt\/rules_vhf_uhf.html\" target=\"_blank\">Dia Portugal em VHF-UHF da REP.<\/a><\/strong><\/a><\/strong><\/div>\n<div><strong>&#8211;<\/strong> <strong><a href=\"http:\/\/www.clubeedp.pt\/WEB\/ActRecrea\/Radio\/Radio.htm#Conc2014\" target=\"_blank\">Classifica\u00e7\u00f5es finais\u00a0Concurso de R\u00e1dio do Clube EDP<\/a><\/strong><\/div>\n<div><strong>&#8211;<\/strong> <strong><a href=\"http:\/\/aram.pt\/concursos.html\" target=\"_blank\">Classifica\u00e7\u00f5es finais\u00a0Concurso de VHF-UHF da ARAM<\/a><\/strong><\/div>\n<div><\/div>\n<div><\/div>\n<div><\/div>\n","protected":false},"excerpt":{"rendered":"<p>Regulamento Campeonato de Portugal VHF-UHF 2014 Prezados ColegasA Rede dos Emissores Portugueses vem junto de v\u00f3s apresentar o Regulamento do Campeonato\u00a0de Portugal de VHF-UHF para o ano de 2014. S\u00e3o quatro (4) as associa\u00e7\u00f5es participantes: RCL, Clube Pessoal EDP, ARAM e REP. Todas as informa\u00e7\u00f5es, regulamentos de todos os concursos participantes e classifica\u00e7\u00f5es ser\u00e3o publicados [&hellip;]<\/p>\n","protected":false},"author":1,"featured_media":0,"parent":0,"menu_order":0,"comment_status":"closed","ping_status":"open","template":"","meta":{"footnotes":""},"class_list":["post-325","page","type-page","status-publish","hentry"],"_links":{"self":[{"href":"https:\/\/rep.pt\/wp\/wp-json\/wp\/v2\/pages\/325","targetHints":{"allow":["GET"]}}],"collection":[{"href":"https:\/\/rep.pt\/wp\/wp-json\/wp\/v2\/pages"}],"about":[{"href":"https:\/\/rep.pt\/wp\/wp-json\/wp\/v2\/types\/page"}],"author":[{"embeddable":true,"href":"https:\/\/rep.pt\/wp\/wp-json\/wp\/v2\/users\/1"}],"replies":[{"embeddable":true,"href":"https:\/\/rep.pt\/wp\/wp-json\/wp\/v2\/comments?post=325"}],"version-history":[{"count":8,"href":"https:\/\/rep.pt\/wp\/wp-json\/wp\/v2\/pages\/325\/revisions"}],"predecessor-version":[{"id":1066,"href":"https:\/\/rep.pt\/wp\/wp-json\/wp\/v2\/pages\/325\/revisions\/1066"}],"wp:attachment":[{"href":"https:\/\/rep.pt\/wp\/wp-json\/wp\/v2\/media?parent=325"}],"curies":[{"name":"wp","href":"https:\/\/api.w.org\/{rel}","templated":true}]}}