{"id":336,"date":"2014-01-19T14:18:55","date_gmt":"2014-01-19T14:18:55","guid":{"rendered":"https:\/\/rep.pt\/wp\/?page_id=336"},"modified":"2014-07-05T10:46:38","modified_gmt":"2014-07-05T10:46:38","slug":"campeonato-portugal-vhf-uhf-2011","status":"publish","type":"page","link":"https:\/\/rep.pt\/wp\/campeonato-portugal-vhf-uhf-2011\/","title":{"rendered":"CAMPEONATO PORTUGAL VHF-UHF 2011"},"content":{"rendered":"<div><\/div>\n<div>2011<\/div>\n<ul>\n<li><a href=\"http:\/\/rep.pt\/geeklog\/article.php?story=20110206141713938\" target=\"_blank\">Regulamento do Campeonato de Portugal VHF\u2013UHF 2011<\/a><\/li>\n<li><a href=\"http:\/\/rep.pt\/geeklog\/article.php?story=20110111224109161\" target=\"_blank\">RCL-Regul. Concurso Carnaval de Loul\u00e9 2011<\/a><\/li>\n<li><a href=\"http:\/\/rep.pt\/geeklog\/article.php?story=20120131222921293\" target=\"_blank\">Resultados Concurso Carnaval de Loul\u00e9 2011<\/a><\/li>\n<li><a href=\"http:\/\/rep.pt\/geeklog\/article.php?story=2011041317190150\" target=\"_blank\">Regulamento Concurso Memorial CT1WW 2011<\/a><\/li>\n<li><a href=\"http:\/\/rep.pt\/geeklog\/article.php?story=20110317223822971\" target=\"_blank\">EDP-Regul. Concurso Clube Pessoal 2011<\/a><\/li>\n<li><a href=\"http:\/\/rep.pt\/geeklog\/article.php?story=20120131224317995\" target=\"_blank\">Classifica\u00e7\u00e3o Concurso EDP<\/a><\/li>\n<li><a href=\"http:\/\/rep.pt\/geeklog\/article.php?story=20110317224214581\" target=\"_blank\">REP-Regul. Concurso Dia Portugal VHF-UHF 2011<\/a><\/li>\n<li><a href=\"http:\/\/rep.pt\/geeklog\/article.php?story=20110928004805568\" target=\"_blank\">Resultados Concurso Dia de Portugal VHF-UHF 2011<\/a><\/li>\n<li><a href=\"http:\/\/rep.pt\/geeklog\/article.php?story=20110530121546281\" target=\"_blank\">ARR-Regul.Concurso Cidade de Almeirim VHF\/UHF 2011<\/a><\/li>\n<li><a href=\"http:\/\/rep.pt\/geeklog\/article.php?story=20110529211650102\" target=\"_blank\">ARAS-Concurso S\u00e3o Pedro Sintra 2011<\/a><\/li>\n<li><a href=\"http:\/\/rep.pt\/geeklog\/article.php?story=20120131223216406\" target=\"_blank\">Resultados Concurso ARAS<\/a><\/li>\n<li><a href=\"http:\/\/rep.pt\/geeklog\/article.php?story=20110525144017618\" target=\"_blank\">ARAM \u2013 Regul. 7\u00ba Concurso VHF\/UHF 2011<\/a><\/li>\n<li><a href=\"http:\/\/rep.pt\/geeklog\/article.php?story=20120131223636492\" target=\"_blank\">Resultados Concurso ARAM<\/a><\/li>\n<li><a href=\"http:\/\/rep.pt\/geeklog\/article.php?story=20110922124006997\" target=\"_blank\">ARBA Reg.Concurso VHF\/UHF Cidade Viseu \u2013 2011<\/a><\/li>\n<\/ul>\n<p>&nbsp;<\/p>\n<h2 style=\"color: #000000; text-align: center;\"><a href=\"http:\/\/rep.pt\/geeklog\/article.php?story=20120530114945218\" target=\"_blank\">CAMPEONATO DE PORTUGAL VHF-UHF (432-1200MHz) 2011<\/a>\u00a0&#8211;\u00a0<a href=\"http:\/\/rep.pt\/geeklog\/article.php?story=20120530114945218\" target=\"_blank\">Classifica\u00e7\u00f5es Finais<\/a><\/h2>\n","protected":false},"excerpt":{"rendered":"<p>2011 Regulamento do Campeonato de Portugal VHF\u2013UHF 2011 RCL-Regul. Concurso Carnaval de Loul\u00e9 2011 Resultados Concurso Carnaval de Loul\u00e9 2011 Regulamento Concurso Memorial CT1WW 2011 EDP-Regul. Concurso Clube Pessoal 2011 Classifica\u00e7\u00e3o Concurso EDP REP-Regul. Concurso Dia Portugal VHF-UHF 2011 Resultados Concurso Dia de Portugal VHF-UHF 2011 ARR-Regul.Concurso Cidade de Almeirim VHF\/UHF 2011 ARAS-Concurso S\u00e3o Pedro [&hellip;]<\/p>\n","protected":false},"author":1,"featured_media":0,"parent":0,"menu_order":0,"comment_status":"closed","ping_status":"open","template":"","meta":{"footnotes":""},"class_list":["post-336","page","type-page","status-publish","hentry"],"_links":{"self":[{"href":"https:\/\/rep.pt\/wp\/wp-json\/wp\/v2\/pages\/336","targetHints":{"allow":["GET"]}}],"collection":[{"href":"https:\/\/rep.pt\/wp\/wp-json\/wp\/v2\/pages"}],"about":[{"href":"https:\/\/rep.pt\/wp\/wp-json\/wp\/v2\/types\/page"}],"author":[{"embeddable":true,"href":"https:\/\/rep.pt\/wp\/wp-json\/wp\/v2\/users\/1"}],"replies":[{"embeddable":true,"href":"https:\/\/rep.pt\/wp\/wp-json\/wp\/v2\/comments?post=336"}],"version-history":[{"count":3,"href":"https:\/\/rep.pt\/wp\/wp-json\/wp\/v2\/pages\/336\/revisions"}],"predecessor-version":[{"id":898,"href":"https:\/\/rep.pt\/wp\/wp-json\/wp\/v2\/pages\/336\/revisions\/898"}],"wp:attachment":[{"href":"https:\/\/rep.pt\/wp\/wp-json\/wp\/v2\/media?parent=336"}],"curies":[{"name":"wp","href":"https:\/\/api.w.org\/{rel}","templated":true}]}}